{"id":987497495,"date":"2019-03-23T13:44:46","date_gmt":"2019-03-23T13:44:46","guid":{"rendered":"https:\/\/bigmill.hu\/?page_id=987497495"},"modified":"2026-03-09T10:31:11","modified_gmt":"2026-03-09T10:31:11","slug":"impressum","status":"publish","type":"page","link":"https:\/\/bigmill.hu\/de\/impressum\/","title":{"rendered":"Impressum"},"content":{"rendered":"<p>[et_pb_section fb_built=&#8220;1&#8243; admin_label=&#8220;section&#8220; _builder_version=&#8220;4.16&#8243; global_colors_info=&#8220;{}&#8220;][et_pb_row admin_label=&#8220;row&#8220; _builder_version=&#8220;4.16&#8243; background_size=&#8220;initial&#8220; background_position=&#8220;top_left&#8220; background_repeat=&#8220;repeat&#8220; global_colors_info=&#8220;{}&#8220;][et_pb_column type=&#8220;4_4&#8243; _builder_version=&#8220;4.16&#8243; custom_padding=&#8220;|||&#8220; global_colors_info=&#8220;{}&#8220; custom_padding__hover=&#8220;|||&#8220;][et_pb_heading title=&#8220;Impressum&#8220; _builder_version=&#8220;4.27.5&#8243; _module_preset=&#8220;default&#8220; title_text_align=&#8220;center&#8220; hover_enabled=&#8220;0&#8243; global_colors_info=&#8220;{}&#8220; sticky_enabled=&#8220;0&#8243;][\/et_pb_heading][et_pb_text admin_label=&#8220;Text&#8220; _builder_version=&#8220;4.27.5&#8243; text_font=&#8220;Poppins|300|||||||&#8220; text_text_color=&#8220;#000000&#8243; text_font_size=&#8220;16px&#8220; header_font=&#8220;Poppins|900||on|||||&#8220; header_text_align=&#8220;center&#8220; header_text_color=&#8220;#e61a27&#8243; header_font_size=&#8220;40px&#8220; header_line_height=&#8220;1.3em&#8220; custom_margin=&#8220;-18px||||false|false&#8220; custom_margin_tablet=&#8220;-18px||||false|false&#8220; custom_margin_phone=&#8220;-18px||||false|false&#8220; custom_margin_last_edited=&#8220;on|desktop&#8220; hover_enabled=&#8220;0&#8243; header_font_size_tablet=&#8220;40px&#8220; header_font_size_phone=&#8220;30px&#8220; header_font_size_last_edited=&#8220;on|phone&#8220; global_colors_info=&#8220;{}&#8220; sticky_enabled=&#8220;0&#8243;]<strong>1) Verantwortlicher f\u00fcr die Inhalte der unter der von Ihnen aufgerufenen Internetadresse erreichbaren Website sowie der Social-Media-Seiten \u2013 im Folgenden gemeinsam: Website \u2013 sowie Eigent\u00fcmer der Domain und der Website:<\/strong><\/p>\n<p><strong>BIG MILL PROJECT Korl\u00e1tolt Felel\u0151ss\u00e9g\u0171 T\u00e1rsas\u00e1g<\/strong><\/p>\n<p>9027 Gy\u0151r, Tompa utca 1.<br \/>\nSteuernummer: 25158894-2-08<\/p>\n<p>Eingetragen im Firmenregister des Firmenbuchgerichts beim Gerichtshof Gy\u0151r.<\/p>\n<p><strong>2.) Die Aufsichtsbeh\u00f6rde f\u00fcr die Datenverarbeitung:<\/strong><\/p>\n<p><strong>Nemzeti Adatv\u00e9delmi \u00e9s Inform\u00e1ci\u00f3szabads\u00e1g Hat\u00f3s\u00e1g<\/strong><br \/>\nSitz: 1125 Budapest, Falk Miksa utca 9-11.<br \/>\nPostanschrift: 1363 Budapest, Pf. 9.<br \/>\nTelefon: +36 30 683 5969<br \/>\nFax: +36 1 391 1410<br \/>\nE-Mail: ugyfelszolgalat@naih.hu<\/p>\n<p>Website: http:\/\/www.naih.hu\/<\/p>\n<p><strong>3.) Hosting-Anbieter:<\/strong><\/p>\n<p><strong>KTS Online Kft<\/strong><br \/>\nSteuernummer: 29152106-2-08.<br \/>\nFirmenregisternummer: 08-09-032885<br \/>\nEingetragen im Firmenregister des Firmenbuchgerichts beim Gerichtshof Gy\u0151r.<br \/>\nStatistische Kennziffer: 29152106-6311-113-08.<br \/>\nEU-Umsatzsteuer-Identifikationsnummer: HU29152106.<\/p>\n<p>SITZ: 9024 Gy\u0151r, Bart\u00f3k B\u00e9la utca 26\/B Erdgeschoss 2.<br \/>\nTELEFON: +36-20\/316-2431<br \/>\nE-MAIL: info@kts.hu<\/p>\n<p>SERVERSTANDORT: 1132 Budapest, Victor Hug\u00f3 utca 18-22.<\/p>\n<p><strong>4.) Wenn der Nutzer (Verbraucher) in der Europ\u00e4ischen Union lebt, kann er im Zusammenhang mit Beschwerden \u00fcber die Dienstleistung das folgende Online-Streitbeilegungsinstrument der Europ\u00e4ischen Kommission nutzen.<\/strong><\/p>\n<p><strong>Online-Streitbeilegungsplattform der Europ\u00e4ischen Kommission<\/strong><br \/>\nWebsite: <a href=\"https:\/\/webgate.ec.europa.eu\/odr\" target=\"_blank\" rel=\"noopener\">https:\/\/webgate.ec.europa.eu\/odr<br \/>\n<\/a><\/p>\n<p>Diese internetbasierte Plattform wurde von der EU f\u00fcr Verbraucher eingerichtet, die eine Beschwerde \u00fcber online gekaufte Produkte oder Dienstleistungen einreichen m\u00f6chten und eine neutrale dritte Partei (eine Streitbeilegungsstelle) mit der Bearbeitung der Beschwerde beauftragen m\u00f6chten.<\/p>\n<p>Weitere Informationen \u00fcber die Online-Streitbeilegungsplattform, deren Nutzung sowie \u00fcber das Verfahren der Streitbeilegung finden Sie auf der \u00fcber den obenstehenden Link erreichbaren Website.[\/et_pb_text][\/et_pb_column][\/et_pb_row][\/et_pb_section]<\/p>\n","protected":false},"excerpt":{"rendered":"<p>1) Verantwortlicher f\u00fcr die Inhalte der unter der von Ihnen aufgerufenen Internetadresse erreichbaren Website sowie der Social-Media-Seiten \u2013 im Folgenden gemeinsam: Website \u2013 sowie Eigent\u00fcmer der Domain und der Website: BIG MILL PROJECT Korl\u00e1tolt Felel\u0151ss\u00e9g\u0171 T\u00e1rsas\u00e1g 9027 Gy\u0151r, Tompa utca 1. Steuernummer: 25158894-2-08 Eingetragen im Firmenregister des Firmenbuchgerichts beim Gerichtshof Gy\u0151r. 2.) Die Aufsichtsbeh\u00f6rde f\u00fcr [&hellip;]<\/p>\n","protected":false},"author":1,"featured_media":0,"parent":0,"menu_order":0,"comment_status":"closed","ping_status":"closed","template":"","meta":{"_acf_changed":false,"_et_pb_use_builder":"on","_et_pb_old_content":"","_et_gb_content_width":"","footnotes":""},"class_list":["post-987497495","page","type-page","status-publish","hentry"],"acf":[],"_links":{"self":[{"href":"https:\/\/bigmill.hu\/de\/wp-json\/wp\/v2\/pages\/987497495","targetHints":{"allow":["GET"]}}],"collection":[{"href":"https:\/\/bigmill.hu\/de\/wp-json\/wp\/v2\/pages"}],"about":[{"href":"https:\/\/bigmill.hu\/de\/wp-json\/wp\/v2\/types\/page"}],"author":[{"embeddable":true,"href":"https:\/\/bigmill.hu\/de\/wp-json\/wp\/v2\/users\/1"}],"replies":[{"embeddable":true,"href":"https:\/\/bigmill.hu\/de\/wp-json\/wp\/v2\/comments?post=987497495"}],"version-history":[{"count":2,"href":"https:\/\/bigmill.hu\/de\/wp-json\/wp\/v2\/pages\/987497495\/revisions"}],"predecessor-version":[{"id":987497500,"href":"https:\/\/bigmill.hu\/de\/wp-json\/wp\/v2\/pages\/987497495\/revisions\/987497500"}],"wp:attachment":[{"href":"https:\/\/bigmill.hu\/de\/wp-json\/wp\/v2\/media?parent=987497495"}],"curies":[{"name":"wp","href":"https:\/\/api.w.org\/{rel}","templated":true}]}}