{"id":987497506,"date":"2019-03-23T13:44:46","date_gmt":"2019-03-23T13:44:46","guid":{"rendered":"https:\/\/bigmill.hu\/?page_id=987497506"},"modified":"2026-03-09T10:36:38","modified_gmt":"2026-03-09T10:36:38","slug":"datenschutz","status":"publish","type":"page","link":"https:\/\/bigmill.hu\/de\/datenschutz\/","title":{"rendered":"Datenschutz"},"content":{"rendered":"<p>[et_pb_section fb_built=&#8220;1&#8243; admin_label=&#8220;section&#8220; _builder_version=&#8220;4.16&#8243; global_colors_info=&#8220;{}&#8220;][et_pb_row admin_label=&#8220;row&#8220; _builder_version=&#8220;4.16&#8243; background_size=&#8220;initial&#8220; background_position=&#8220;top_left&#8220; background_repeat=&#8220;repeat&#8220; global_colors_info=&#8220;{}&#8220;][et_pb_column type=&#8220;4_4&#8243; _builder_version=&#8220;4.16&#8243; custom_padding=&#8220;|||&#8220; global_colors_info=&#8220;{}&#8220; custom_padding__hover=&#8220;|||&#8220;][et_pb_heading title=&#8220;Datenschutz&#8220; _builder_version=&#8220;4.27.5&#8243; _module_preset=&#8220;default&#8220; title_text_align=&#8220;center&#8220; hover_enabled=&#8220;0&#8243; global_colors_info=&#8220;{}&#8220; sticky_enabled=&#8220;0&#8243;][\/et_pb_heading][et_pb_text admin_label=&#8220;Text&#8220; _builder_version=&#8220;4.27.5&#8243; text_font=&#8220;Poppins|300|||||||&#8220; text_text_color=&#8220;#000000&#8243; text_font_size=&#8220;16px&#8220; header_font=&#8220;Poppins|900||on|||||&#8220; header_text_align=&#8220;center&#8220; header_text_color=&#8220;#e61a27&#8243; header_font_size=&#8220;40px&#8220; header_line_height=&#8220;1.3em&#8220; custom_margin=&#8220;-18px||||false|false&#8220; custom_margin_tablet=&#8220;-18px||||false|false&#8220; custom_margin_phone=&#8220;-18px||||false|false&#8220; custom_margin_last_edited=&#8220;on|desktop&#8220; hover_enabled=&#8220;0&#8243; header_font_size_tablet=&#8220;40px&#8220; header_font_size_phone=&#8220;30px&#8220; header_font_size_last_edited=&#8220;on|phone&#8220; global_colors_info=&#8220;{}&#8220; sticky_enabled=&#8220;0&#8243;]<strong>Datenschutzerkl\u00e4rung<\/strong><\/p>\n<p>BIG MILL PROJECT Korl\u00e1tolt Felel\u0151ss\u00e9g\u0171 T\u00e1rsas\u00e1g<br \/>\n9027 Gy\u0151r, Tompa utca 1.<br \/>\nSTEUERNUMMER: 25158894-2-08<br \/>\nHANDELSREGISTERNUMMER: 08-09-027040<br \/>\n(nachfolgend: Datenverantwortlicher) verarbeitet im Rahmen des Betriebs der Website www.bigmill.hu<br \/>\n (nachfolgend: Website) die Daten der Besucher der Website sowie der registrierten Nutzer, die die Website verwenden und die dort verf\u00fcgbaren Dienstleistungen in Anspruch nehmen (nachfolgend gemeinsam: Betroffene Person).<\/p>\n<p>Im Zusammenhang mit der Datenverarbeitung informiert der Datenverantwortliche hiermit die Betroffenen \u00fcber die auf der Website verarbeiteten personenbezogenen Daten, \u00fcber die Grunds\u00e4tze und Praktiken der Verarbeitung personenbezogener Daten sowie \u00fcber die M\u00f6glichkeiten und Wege zur Aus\u00fcbung der Rechte der Betroffenen. Durch die Nutzung der Website akzeptiert die betroffene Person die Bestimmungen dieser Datenschutzerkl\u00e4rung und stimmt der nachfolgend beschriebenen Datenverarbeitung zu.<\/p>\n<p><strong>1. Definitionen<\/strong><\/p>\n<ol>\n<li><strong>Betroffene Person:<\/strong> jede bestimmte nat\u00fcrliche Person, die anhand personenbezogener Daten identifiziert wurde oder \u2013 direkt oder indirekt \u2013 identifizierbar ist;<\/li>\n<li><strong>Personenbezogene Daten:<\/strong> alle Informationen, die mit der betroffenen Person in Verbindung gebracht werden k\u00f6nnen \u2013 insbesondere der Name der betroffenen Person, ein Identifikationsmerkmal sowie eine oder mehrere Informationen \u00fcber ihre physische, physiologische, mentale, wirtschaftliche, kulturelle oder soziale Identit\u00e4t \u2013 sowie daraus ableitbare Schlussfolgerungen \u00fcber die betroffene Person;<\/li>\n<li><strong>Einwilligung:<\/strong> die freiwillige und eindeutige Willenserkl\u00e4rung der betroffenen Person, die auf angemessener Information beruht und mit der sie unmissverst\u00e4ndlich ihre Zustimmung zur Verarbeitung der sie betreffenden personenbezogenen Daten \u2013 vollst\u00e4ndig oder f\u00fcr einzelne Verarbeitungsvorg\u00e4nge \u2013 erteilt;<\/li>\n<li><strong>Widerspruch:<\/strong> eine Erkl\u00e4rung der betroffenen Person, mit der sie der Verarbeitung ihrer personenbezogenen Daten widerspricht und die Beendigung der Datenverarbeitung bzw. die L\u00f6schung der verarbeiteten Daten verlangt;<\/li>\n<li><strong>Datenverantwortlicher:<\/strong> die nat\u00fcrliche oder juristische Person oder Organisation ohne Rechtspers\u00f6nlichkeit, die allein oder gemeinsam mit anderen \u00fcber die Zwecke der Datenverarbeitung entscheidet und Entscheidungen \u00fcber die Datenverarbeitung (einschlie\u00dflich der verwendeten Mittel) trifft und durchf\u00fchrt oder durch einen von ihr beauftragten Auftragsverarbeiter durchf\u00fchren l\u00e4sst;<\/li>\n<li><strong>Datenverarbeitung:<\/strong> jede mit oder ohne Hilfe automatisierter Verfahren ausgef\u00fchrte Verarbeitung personenbezogener Daten oder eine Reihe solcher Vorg\u00e4nge, insbesondere das Erheben, Erfassen, Speichern, Ordnen, Aufbewahren, Ver\u00e4ndern, Verwenden, Abfragen, \u00dcbermitteln, Offenlegen, Abgleichen oder Verkn\u00fcpfen, Sperren, L\u00f6schen oder Vernichten von Daten sowie die Verhinderung ihrer weiteren Verwendung;<\/li>\n<li><strong>Datenverarbeitung (technisch):<\/strong> die Durchf\u00fchrung technischer Aufgaben im Zusammenhang mit Datenverarbeitungsvorg\u00e4ngen, unabh\u00e4ngig von der verwendeten Methode und den eingesetzten Mitteln sowie vom Ort der Anwendung, sofern die technische Aufgabe an den Daten durchgef\u00fchrt wird;<\/li>\n<li><strong>Auftragsverarbeiter:<\/strong> eine nat\u00fcrliche oder juristische Person oder Organisation ohne Rechtspers\u00f6nlichkeit, die auf Grundlage eines mit dem Datenverantwortlichen geschlossenen Vertrags personenbezogene Daten verarbeitet;<\/li>\n<li><strong>Daten\u00fcbermittlung:<\/strong> das Zug\u00e4nglichmachen von Daten f\u00fcr eine bestimmte dritte Person;<\/li>\n<li><strong>Offenlegung:<\/strong> das Zug\u00e4nglichmachen von Daten f\u00fcr jedermann;<\/li>\n<li><strong>Datenl\u00f6schung:<\/strong> das Unkenntlichmachen von Daten in einer Weise, dass ihre Wiederherstellung nicht mehr m\u00f6glich ist;<\/li>\n<li><strong>Datensperrung:<\/strong> die Kennzeichnung von Daten mit dem Ziel, ihre weitere Verarbeitung dauerhaft oder f\u00fcr einen bestimmten Zeitraum einzuschr\u00e4nken;<\/li>\n<li><strong>Datenvernichtung:<\/strong> die vollst\u00e4ndige physische Zerst\u00f6rung des Datentr\u00e4gers, der die Daten enth\u00e4lt;<\/li>\n<li><strong>Dritte Person:<\/strong> jede nat\u00fcrliche oder juristische Person oder Organisation ohne Rechtspers\u00f6nlichkeit, die nicht mit der betroffenen Person, dem Datenverantwortlichen oder dem Auftragsverarbeiter identisch ist.<\/li>\n<\/ol>\n<p><strong>2. Zweck der Datenverarbeitung<\/strong><\/p>\n<p>Der Datenverantwortliche speichert und verarbeitet die von der betroffenen Person bei der Registrierung zur Verf\u00fcgung gestellten Daten ausschlie\u00dflich zweckgebunden zur Bereitstellung der auf der Website verf\u00fcgbaren Dienstleistungen, zur Kontaktaufnahme, zur Identifizierung des Nutzers sowie \u2013 sofern die betroffene Person einen Newsletter abonniert \u2013 zum Versand von Newslettern.<\/p>\n<p>Die automatisch erfassten Daten dienen der Erstellung von Statistiken und der technischen Weiterentwicklung des IT-Systems.<\/p>\n<p>Der Datenverantwortliche verwendet die angegebenen personenbezogenen Daten nicht f\u00fcr andere als die oben genannten Zwecke.<\/p>\n<p>Die Weitergabe personenbezogener Daten an Dritte oder Beh\u00f6rden erfolgt \u2013 sofern gesetzlich nichts anderes vorgeschrieben ist \u2013 nur mit vorheriger ausdr\u00fccklicher Zustimmung der betroffenen Person. Wenn der Datenverantwortliche die erhobenen Daten f\u00fcr einen anderen Zweck als den urspr\u00fcnglichen Zweck der Datenerhebung verwenden m\u00f6chte, wird die betroffene Person dar\u00fcber informiert und ihre vorherige ausdr\u00fcckliche Zustimmung eingeholt.<\/p>\n<p><strong>3. Rechtsgrundlage der Datenverarbeitung<\/strong><\/p>\n<p>Die Datenverarbeitung durch den Datenverantwortlichen erfolgt auf Grundlage der freiwilligen Einwilligung der betroffenen Person gem\u00e4\u00df \u00a7 5 Abs. 1 lit. a) des Gesetzes CXII von 2011 \u00fcber das Recht auf informationelle Selbstbestimmung und Informationsfreiheit (Info.tv.), sowie gem\u00e4\u00df dem Gesetz CVIII von 2001 \u00fcber elektronische Handelsdienste und Dienste der Informationsgesellschaft.<\/p>\n<p>Der Datenverantwortliche \u00fcberpr\u00fcft die Richtigkeit der von ihm erhaltenen personenbezogenen Daten nicht. F\u00fcr die Richtigkeit der angegebenen Daten ist ausschlie\u00dflich die Person verantwortlich, die diese bereitgestellt hat.<\/p>\n<p>Mit der Angabe einer E-Mail-Adresse \u00fcbernimmt die betroffene Person zugleich die Verantwortung daf\u00fcr, dass ausschlie\u00dflich sie die Dienste \u00fcber diese E-Mail-Adresse nutzt.<\/p>\n<p><strong>4. Angaben zum Datenverantwortlichen<\/strong><\/p>\n<p>BIG MILL PROJECT Korl\u00e1tolt Felel\u0151ss\u00e9g\u0171 T\u00e1rsas\u00e1g<br \/>\n9027 Gy\u0151r, Tompa utca 1.<br \/>\nSTEUERNUMMER: 25158894-2-08<br \/>\nHANDELSREGISTERNUMMER: 08-09-027040<\/p>\n<p><strong>5. Dauer der Datenverarbeitung<\/strong><\/p>\n<p><strong>5.1 Registrierungsdaten<\/strong><\/p>\n<p>Die Verarbeitung der bei der Registrierung verpflichtend angegebenen personenbezogenen Daten erfolgt so lange, bis die betroffene Person die L\u00f6schung ihrer Registrierung beantragt.<\/p>\n<p><strong>5.2 Newsletter-Daten<\/strong><\/p>\n<p>Die Daten werden bis zur Abmeldung vom Newsletter verarbeitet oder maximal 2 Jahre gespeichert.<\/p>\n<p><strong>5.3 Technische Daten<\/strong><\/p>\n<p>Protokollierte Daten werden \u2013 mit Ausnahme des Datums des letzten Besuchs \u2013 f\u00fcr 2 Jahre gespeichert.<\/p>\n<p><strong>5.4 Daten aus dem elektronischen Kontaktformular<\/strong><\/p>\n<p>Diese Daten werden bis zur L\u00f6schungsanfrage der betroffenen Person verarbeitet und innerhalb von 5 Arbeitstagen nach Eingang der Anfrage gel\u00f6scht.<\/p>\n<p><strong>6. Umfang der verarbeiteten personenbezogenen Daten<\/strong><\/p>\n<p><strong>6.1 Pflichtangaben bei der Registrierung<\/strong><\/p>\n<p>Name<br \/>\nTelefonnummer<br \/>\nE-Mail-Adresse<br \/>\nFirmenname<br \/>\nRechnungsadresse<br \/>\nLieferadresse<\/p>\n<p><strong>6.2 Newsletter<\/strong><\/p>\n<p>F\u00fcr den Newsletter m\u00fcssen E-Mail-Adresse und vollst\u00e4ndiger Name angegeben werden.<\/p>\n<p><strong>6.3 Technische Daten<\/strong><\/p>\n<p>Dazu geh\u00f6ren insbesondere Datum und Uhrzeit des Besuchs, IP-Adresse, Browsertyp sowie die Adresse der besuchten und zuvor besuchten Webseiten.<\/p>\n<p><strong>6.4 Cookies<\/strong><\/p>\n<p>Der Datenverantwortliche und externe Dienstleister verwenden Cookies, um personalisierte Dienste bereitzustellen.<\/p>\n<p>Verwendete Cookies:<\/p>\n<p>\u2013 Session-Cookies<br \/>\n\u2013 Persistente Cookies<br \/>\n\u2013 Cookies f\u00fcr passwortgesch\u00fctzte Sitzungen<br \/>\n\u2013 Sicherheitscookies<\/p>\n<p>Weitere Informationen zu Cookies:<br \/>\nhttps:\/\/silktide.com\/tools\/cookie-consent\/docs\/<\/p>\n<p>Weitere Informationen zu Google Analytics:<br \/>\n<a href=\"https:\/\/www.google.hu\/intl\/hu\/analytics\/\">https:\/\/www.google.hu\/intl\/hu\/analytics\/<br \/>\n<\/a><\/p>\n<p><strong>7. Personen mit Zugriff auf die Daten<\/strong><\/p>\n<p>Die Daten werden haupts\u00e4chlich vom Datenverantwortlichen und dessen Mitarbeitern verarbeitet und nicht ver\u00f6ffentlicht oder an Dritte weitergegeben.<\/p>\n<p><strong>Auftragsverarbeiter:<\/strong><br \/>\nDerzeit keiner.<\/p>\n<p><strong>Hosting-Anbieter:<\/strong><\/p>\n<p><strong>KTS Online Kft<\/strong><br \/>\nSteuernummer: 29152106-2-08<br \/>\nHandelsregisternummer: 08-09-032885<br \/>\nEingetragen beim Firmenregister des Gerichts Gy\u0151r<br \/>\nStatistische Kennnummer: 29152106-6311-113-08<br \/>\nEU-USt-IdNr.: HU29152106<\/p>\n<p>SITZ: 9024 Gy\u0151r, Bart\u00f3k B\u00e9la utca 26\/B Erdgeschoss 2.<br \/>\nTELEFON: +36-20\/316-2431<br \/>\nE-MAIL: info@kts.hu<\/p>\n<p><strong>8. Rechte der Nutzer und Rechtsdurchsetzung<\/strong><\/p>\n<p><strong>8.1 Recht auf Auskunft<\/strong><br \/>\nDie betroffene Person kann jederzeit Auskunft \u00fcber ihre personenbezogenen Daten verlangen.<\/p>\n<p><strong>8.2 Recht auf Berichtigung, L\u00f6schung oder Sperrung<\/strong><br \/>\nDie betroffene Person kann jederzeit die Berichtigung oder L\u00f6schung ihrer Daten beantragen.<\/p>\n<p><strong>8.3 Widerspruchsrecht<\/strong><br \/>\nDie betroffene Person kann der Verarbeitung ihrer personenbezogenen Daten widersprechen.<\/p>\n<p><strong>8.4 Rechtsdurchsetzung<\/strong><\/p>\n<p>Die betroffene Person kann sich wenden an:<\/p>\n<ol>\n<li>Nemzeti Adatv\u00e9delmi \u00e9s Inform\u00e1ci\u00f3szabads\u00e1g Hat\u00f3s\u00e1g (1125 Budapest, Szil\u00e1gyi Erzs\u00e9bet fasor 22\/c.; www.naih.hu)<\/li>\n<li>oder ihre Rechte vor Gericht geltend machen.<\/li>\n<\/ol>\n<p><strong>9. Verwendung von E-Mail-Adressen<\/strong><\/p>\n<p>Der Datenverantwortliche verwendet E-Mail-Adressen haupts\u00e4chlich zur Identifikation und zur Kommunikation im Zusammenhang mit den angebotenen Dienstleistungen.<\/p>\n<p><strong>10. Datensicherheit<\/strong><\/p>\n<p>Der Datenverantwortliche verpflichtet sich, die Sicherheit der Daten zu gew\u00e4hrleisten und alle technischen Ma\u00dfnahmen zu ergreifen, um die gespeicherten und verarbeiteten Daten vor Zerst\u00f6rung, unbefugter Nutzung oder Ver\u00e4nderung zu sch\u00fctzen.<\/p>\n<p><strong>11. Sonstige Bestimmungen<\/strong><\/p>\n<p>Der Datenverantwortliche beh\u00e4lt sich das Recht vor, diese Datenschutzerkl\u00e4rung mit vorheriger Mitteilung auf der Website einseitig zu \u00e4ndern. Durch die weitere Nutzung der Website akzeptiert die betroffene Person die ge\u00e4nderten Bestimmungen.[\/et_pb_text][\/et_pb_column][\/et_pb_row][\/et_pb_section]<\/p>\n","protected":false},"excerpt":{"rendered":"<p>Datenschutzerkl\u00e4rung BIG MILL PROJECT Korl\u00e1tolt Felel\u0151ss\u00e9g\u0171 T\u00e1rsas\u00e1g 9027 Gy\u0151r, Tompa utca 1. STEUERNUMMER: 25158894-2-08 HANDELSREGISTERNUMMER: 08-09-027040 (nachfolgend: Datenverantwortlicher) verarbeitet im Rahmen des Betriebs der Website www.bigmill.hu (nachfolgend: Website) die Daten der Besucher der Website sowie der registrierten Nutzer, die die Website verwenden und die dort verf\u00fcgbaren Dienstleistungen in Anspruch nehmen (nachfolgend gemeinsam: Betroffene Person). Im [&hellip;]<\/p>\n","protected":false},"author":1,"featured_media":0,"parent":0,"menu_order":0,"comment_status":"closed","ping_status":"closed","template":"","meta":{"_acf_changed":false,"_et_pb_use_builder":"on","_et_pb_old_content":"","_et_gb_content_width":"","footnotes":""},"class_list":["post-987497506","page","type-page","status-publish","hentry"],"acf":[],"_links":{"self":[{"href":"https:\/\/bigmill.hu\/de\/wp-json\/wp\/v2\/pages\/987497506","targetHints":{"allow":["GET"]}}],"collection":[{"href":"https:\/\/bigmill.hu\/de\/wp-json\/wp\/v2\/pages"}],"about":[{"href":"https:\/\/bigmill.hu\/de\/wp-json\/wp\/v2\/types\/page"}],"author":[{"embeddable":true,"href":"https:\/\/bigmill.hu\/de\/wp-json\/wp\/v2\/users\/1"}],"replies":[{"embeddable":true,"href":"https:\/\/bigmill.hu\/de\/wp-json\/wp\/v2\/comments?post=987497506"}],"version-history":[{"count":2,"href":"https:\/\/bigmill.hu\/de\/wp-json\/wp\/v2\/pages\/987497506\/revisions"}],"predecessor-version":[{"id":987497509,"href":"https:\/\/bigmill.hu\/de\/wp-json\/wp\/v2\/pages\/987497506\/revisions\/987497509"}],"wp:attachment":[{"href":"https:\/\/bigmill.hu\/de\/wp-json\/wp\/v2\/media?parent=987497506"}],"curies":[{"name":"wp","href":"https:\/\/api.w.org\/{rel}","templated":true}]}}