{"id":987497491,"date":"2019-03-23T13:44:46","date_gmt":"2019-03-23T13:44:46","guid":{"rendered":"https:\/\/bigmill.hu\/?page_id=987497491"},"modified":"2026-03-09T10:30:06","modified_gmt":"2026-03-09T10:30:06","slug":"impressum","status":"publish","type":"page","link":"https:\/\/bigmill.hu\/en\/impressum\/","title":{"rendered":"Impressum"},"content":{"rendered":"<p>[et_pb_section fb_built=&#8221;1&#8243; admin_label=&#8221;section&#8221; _builder_version=&#8221;4.16&#8243; global_colors_info=&#8221;{}&#8221;][et_pb_row admin_label=&#8221;row&#8221; _builder_version=&#8221;4.16&#8243; background_size=&#8221;initial&#8221; background_position=&#8221;top_left&#8221; background_repeat=&#8221;repeat&#8221; global_colors_info=&#8221;{}&#8221;][et_pb_column type=&#8221;4_4&#8243; _builder_version=&#8221;4.16&#8243; custom_padding=&#8221;|||&#8221; global_colors_info=&#8221;{}&#8221; custom_padding__hover=&#8221;|||&#8221;][et_pb_heading title=&#8221;Impressum&#8221; _builder_version=&#8221;4.27.5&#8243; _module_preset=&#8221;default&#8221; title_text_align=&#8221;center&#8221; hover_enabled=&#8221;0&#8243; global_colors_info=&#8221;{}&#8221; sticky_enabled=&#8221;0&#8243;][\/et_pb_heading][et_pb_text admin_label=&#8221;Text&#8221; _builder_version=&#8221;4.27.5&#8243; text_font=&#8221;Poppins|300|||||||&#8221; text_text_color=&#8221;#000000&#8243; text_font_size=&#8221;16px&#8221; header_font=&#8221;Poppins|900||on|||||&#8221; header_text_align=&#8221;center&#8221; header_text_color=&#8221;#e61a27&#8243; header_font_size=&#8221;40px&#8221; header_line_height=&#8221;1.3em&#8221; custom_margin=&#8221;-18px||||false|false&#8221; custom_margin_tablet=&#8221;-18px||||false|false&#8221; custom_margin_phone=&#8221;-18px||||false|false&#8221; custom_margin_last_edited=&#8221;on|desktop&#8221; hover_enabled=&#8221;0&#8243; header_font_size_tablet=&#8221;40px&#8221; header_font_size_phone=&#8221;30px&#8221; header_font_size_last_edited=&#8221;on|phone&#8221; global_colors_info=&#8221;{}&#8221; sticky_enabled=&#8221;0&#8243;]<\/p>\n<p><strong>1) The data controller responsible for the content of the website and social media pages available at the internet address you are currently viewing \u2013 hereinafter collectively referred to as the website \u2013 as well as the owner of the domain and the website:<\/strong><\/p>\n<p><strong>BIG MILL PROJECT Limited Liability Company<\/strong><\/p>\n<p>9027 Gy\u0151r, Tompa utca 1.<br \/>Tax number: 25158894-2-08<\/p>\n<p>Registered by the Company Registry of the Gy\u0151r Regional Court.<\/p>\n<p><strong>2) The authority supervising data processing:<\/strong><\/p>\n<p><strong>National Authority for Data Protection and Freedom of Information<\/strong><br \/>Registered office: 1125 Budapest, Falk Miksa utca 9-11.<br \/>Postal address: 1363 Budapest, Pf. 9.<br \/>Telephone: +36 30 683 5969<br \/>Fax: +36 1 391 1410<br \/>E-mail: ugyfelszolgalat@naih.hu<\/p>\n<p>Website: http:\/\/www.naih.hu\/<\/p>\n<p><strong>3) Hosting provider:<\/strong><\/p>\n<p><strong>KTS Online Kft<\/strong><br \/>Tax number: 29152106-2-08.<br \/>Company registration number: 08-09-032885<br \/>Registered by the Company Registry of the Gy\u0151r Regional Court.<br \/>Statistical number: 29152106-6311-113-08.<br \/>EU VAT number: HU29152106.<\/p>\n<p>REGISTERED OFFICE 9024 Gy\u0151r, Bart\u00f3k B\u00e9la utca 26\/B ground floor 2.<br \/>PHONE: +36-20\/316-2431<br \/>E-MAIL info@kts.hu<\/p>\n<p>SERVER ROOM: 1132 Budapest, Victor Hug\u00f3 utca 18-22.<\/p>\n<p><strong>4) If the User (consumer) resides in the European Union, they may use the European Commission\u2019s online dispute resolution tool in connection with complaints regarding the service.<\/strong><\/p>\n<p><strong>The European Commission\u2019s Online Dispute Resolution Platform<\/strong><br \/>Website: <a href=\"https:\/\/webgate.ec.europa.eu\/odr\" target=\"_blank\" rel=\"noopener\">https:\/\/webgate.ec.europa.eu\/odr<br \/><\/a><\/p>\n<p>This internet-based platform was created by the EU for consumers who wish to file a complaint regarding products or services purchased online and would like to request a neutral third party (a dispute resolution body) to handle the complaint.<\/p>\n<p>Further information about the online dispute resolution platform, its use, and the dispute resolution process can be found on the website accessible via the link above.<\/p>\n<p>[\/et_pb_text][\/et_pb_column][\/et_pb_row][\/et_pb_section]<\/p>\n","protected":false},"excerpt":{"rendered":"<p>1) The data controller responsible for the content of the website and social media pages available at the internet address you are currently viewing \u2013 hereinafter collectively referred to as the website \u2013 as well as the owner of the domain and the website: BIG MILL PROJECT Limited Liability Company 9027 Gy\u0151r, Tompa utca 1.Tax [&hellip;]<\/p>\n","protected":false},"author":1,"featured_media":0,"parent":0,"menu_order":0,"comment_status":"closed","ping_status":"closed","template":"","meta":{"_acf_changed":false,"_et_pb_use_builder":"on","_et_pb_old_content":"","_et_gb_content_width":"","footnotes":""},"class_list":["post-987497491","page","type-page","status-publish","hentry"],"acf":[],"_links":{"self":[{"href":"https:\/\/bigmill.hu\/en\/wp-json\/wp\/v2\/pages\/987497491","targetHints":{"allow":["GET"]}}],"collection":[{"href":"https:\/\/bigmill.hu\/en\/wp-json\/wp\/v2\/pages"}],"about":[{"href":"https:\/\/bigmill.hu\/en\/wp-json\/wp\/v2\/types\/page"}],"author":[{"embeddable":true,"href":"https:\/\/bigmill.hu\/en\/wp-json\/wp\/v2\/users\/1"}],"replies":[{"embeddable":true,"href":"https:\/\/bigmill.hu\/en\/wp-json\/wp\/v2\/comments?post=987497491"}],"version-history":[{"count":5,"href":"https:\/\/bigmill.hu\/en\/wp-json\/wp\/v2\/pages\/987497491\/revisions"}],"predecessor-version":[{"id":987497497,"href":"https:\/\/bigmill.hu\/en\/wp-json\/wp\/v2\/pages\/987497491\/revisions\/987497497"}],"wp:attachment":[{"href":"https:\/\/bigmill.hu\/en\/wp-json\/wp\/v2\/media?parent=987497491"}],"curies":[{"name":"wp","href":"https:\/\/api.w.org\/{rel}","templated":true}]}}